{"id":1372,"date":"2021-06-23T11:06:31","date_gmt":"2021-06-23T09:06:31","guid":{"rendered":"https:\/\/vcakursai.lt\/?page_id=1372"},"modified":"2024-07-26T07:49:53","modified_gmt":"2024-07-26T05:49:53","slug":"vol-vca-egzaminas","status":"publish","type":"page","link":"https:\/\/vcakursai.lt\/?page_id=1372","title":{"rendered":"VOL-VCA EGZAMINAS"},"content":{"rendered":"\n<p class=\"has-text-align-center\">Kvie\u010diame pasitikrinti savo \u017einias bandomajame VOL-VCA egzamine. <\/p>\n\n\n\n<p class=\"has-text-align-left\">Egzamino testas sudarytas i\u0161 70 klausim\u0173. Jums reikia i\u0161spr\u0119sti pateikt\u0105 test\u0105 ir teisingai atsakyti \u012f ne ma\u017eiau nei 49 pateiktus klausimus tam, kad egzaminas b\u016bt\u0173 i\u0161laikyas. Klausimas gali tur\u0117ti kelis teisingus atsakymus. B\u016btina pa\u017eym\u0117ti visus teisingus atsakymus tam, kad klausimas b\u016bt\u0173 atsakytas teisingai. Jeigu atsakymo ne\u017einote arba norite ilgiau pagalvoti, galite pereiti prie kito klausimo ir prie praeito gr\u012f\u017eti v\u0117liau. Testui pasibaigus matysite, ar j\u012f i\u0161laik\u0117te, ar ne, taip pat gal\u0117site per\u017ei\u016br\u0117ti padarytas klaidas. Testui i\u0161spr\u0119sti turite 1:10 valand\u0105 laiko, bet pasibaigus testo laikui \u2013 testas nenutraukiamas automati\u0161kai.<\/p>\n\n\n\n<div class=\"h5p-iframe-wrapper\"><iframe id=\"h5p-iframe-2\" class=\"h5p-iframe\" data-content-id=\"2\" style=\"height:1px\" src=\"about:blank\" frameBorder=\"0\" scrolling=\"no\" title=\"VOL-VCA BANDOMASIS EGZAMINAS\"><\/iframe><\/div>\n\n\n\n<div class=\"wp-block-buttons is-layout-flex wp-block-buttons-is-layout-flex\">\n<div class=\"wp-block-button has-custom-width wp-block-button__width-100 is-style-primary\"><a class=\"wp-block-button__link wp-element-button\" href=\"https:\/\/vcakursai.lt\/?page_id=2026\" style=\"border-radius:6px\">Mano vol-vca<\/a><\/div>\n<\/div>\n","protected":false},"excerpt":{"rendered":"<p>Kvie\u010diame pasitikrinti savo \u017einias bandomajame VOL-VCA egzamine. Egzamino testas sudarytas i\u0161 70 klausim\u0173. Jums reikia i\u0161spr\u0119sti pateikt\u0105 test\u0105 ir teisingai atsakyti \u012f ne ma\u017eiau nei 49 pateiktus klausimus tam, kad egzaminas b\u016bt\u0173 i\u0161laikyas. Klausimas gali tur\u0117ti kelis teisingus atsakymus. B\u016btina pa\u017eym\u0117ti visus teisingus atsakymus tam, kad klausimas b\u016bt\u0173 atsakytas teisingai. Jeigu atsakymo ne\u017einote arba norite&hellip;&nbsp;<a href=\"https:\/\/vcakursai.lt\/?page_id=1372\" class=\"\" rel=\"bookmark\">Read More &raquo;<span class=\"screen-reader-text\">VOL-VCA EGZAMINAS<\/span><\/a><\/p>\n","protected":false},"author":1,"featured_media":0,"parent":0,"menu_order":0,"comment_status":"closed","ping_status":"closed","template":"","meta":{"neve_meta_sidebar":"full-width","neve_meta_container":"contained","neve_meta_enable_content_width":"on","neve_meta_content_width":70,"neve_meta_title_alignment":"","neve_meta_author_avatar":"","neve_post_elements_order":"","neve_meta_disable_header":"off","neve_meta_disable_footer":"","neve_meta_disable_title":"on","_glsr_average":0,"_glsr_ranking":0,"_glsr_reviews":0,"footnotes":""},"class_list":["post-1372","page","type-page","status-publish","hentry"],"_links":{"self":[{"href":"https:\/\/vcakursai.lt\/index.php?rest_route=\/wp\/v2\/pages\/1372"}],"collection":[{"href":"https:\/\/vcakursai.lt\/index.php?rest_route=\/wp\/v2\/pages"}],"about":[{"href":"https:\/\/vcakursai.lt\/index.php?rest_route=\/wp\/v2\/types\/page"}],"author":[{"embeddable":true,"href":"https:\/\/vcakursai.lt\/index.php?rest_route=\/wp\/v2\/users\/1"}],"replies":[{"embeddable":true,"href":"https:\/\/vcakursai.lt\/index.php?rest_route=%2Fwp%2Fv2%2Fcomments&post=1372"}],"version-history":[{"count":15,"href":"https:\/\/vcakursai.lt\/index.php?rest_route=\/wp\/v2\/pages\/1372\/revisions"}],"predecessor-version":[{"id":2055,"href":"https:\/\/vcakursai.lt\/index.php?rest_route=\/wp\/v2\/pages\/1372\/revisions\/2055"}],"wp:attachment":[{"href":"https:\/\/vcakursai.lt\/index.php?rest_route=%2Fwp%2Fv2%2Fmedia&parent=1372"}],"curies":[{"name":"wp","href":"https:\/\/api.w.org\/{rel}","templated":true}]}}