{"id":296,"date":"2021-04-15T09:55:18","date_gmt":"2021-04-15T07:55:18","guid":{"rendered":"https:\/\/vcakursai.lt\/?page_id=296"},"modified":"2021-05-20T09:57:05","modified_gmt":"2021-05-20T07:57:05","slug":"mano-b-vca","status":"publish","type":"page","link":"https:\/\/vcakursai.lt\/?page_id=296","title":{"rendered":"Mano VCA kursai"},"content":{"rendered":"<div class=\"forminator-ui forminator-custom-form forminator-custom-form-336 forminator-design--material forminator-enclosed \" data-forminator-render=\"0\" data-form=\"forminator-module-336\" data-uid=\"69df242a2fe87\"><br\/><\/div><form\n\t\t\t\tid=\"forminator-module-336\"\n\t\t\t\tclass=\"forminator-ui forminator-custom-form forminator-custom-form-336 forminator-design--material forminator-enclosed \"\n\t\t\t\tmethod=\"post\"\n\t\t\t\tdata-forminator-render=\"0\"\n\t\t\t\tdata-form-id=\"336\"\n\t\t\t\t data-color-option=\"default\" data-design=\"material\" data-grid=\"enclosed\" style=\"display: none;\"\n\t\t\t\tdata-uid=\"69df242a2fe87\"\n\t\t\t><div role=\"alert\" aria-live=\"polite\" class=\"forminator-response-message forminator-error\" aria-hidden=\"true\"><\/div><div class=\"forminator-row\"><div id=\"section-1\" class=\"forminator-field-section forminator-col forminator-col-12 \"><div class=\"forminator-field\"><h2 class=\"forminator-title\">PRISIJUNGTI<\/h2><hr class=\"forminator-border\" style=\"border: 10px solid rgba(11,15,0,0.09);\" \/><\/div><\/div><\/div><div class=\"forminator-row\"><div id=\"email-1\" class=\"forminator-field-email forminator-col forminator-col-6 \"><div class=\"forminator-field\"><label for=\"forminator-field-email-1_69df242a2fe87\" id=\"forminator-field-email-1_69df242a2fe87-label\" class=\"forminator-label\">El. pa\u0161tas <span class=\"forminator-required\">*<\/span><\/label><input type=\"email\" name=\"email-1\" value=\"\" placeholder=\"\" id=\"forminator-field-email-1_69df242a2fe87\" class=\"forminator-input forminator-email--field\" data-required=\"1\" aria-required=\"true\" autocomplete=\"email\" \/><\/div><\/div><div id=\"password-1\" class=\"forminator-field-password forminator-col forminator-col-6 \"><div class=\"forminator-field\"><label for=\"forminator-field-password-1_69df242a2fe87\" id=\"forminator-field-password-1_69df242a2fe87-label\" class=\"forminator-label\">Slapta\u017eodis <span class=\"forminator-required\">*<\/span><\/label><input name=\"password-1\" value=\"\" placeholder=\"\" id=\"forminator-field-password-1_69df242a2fe87\" class=\"forminator-input forminator-name--field\" data-required=\"1\" type=\"password\" aria-describedby=\"forminator-field-password-1_69df242a2fe87-description\" \/><\/div><div class=\"forminator-description forminator-description-password\" id=\"forminator-field-password-1_69df242a2fe87-description\"><p><a title=\"Lost Password\" href=\"https:\/\/vcakursai.lt\/wp-login.php?action=lostpassword&amp;redirect_to\" target=\"_blank\" rel=\"noopener\">Pamir\u0161ote slapta\u017eod\u012f?<\/a><\/p><\/div><\/div><\/div><div class=\"forminator-row\"><div id=\"captcha-1\" class=\"forminator-field-captcha forminator-col forminator-col-12 \"><div class=\"forminator-captcha-left forminator-g-recaptcha recaptcha-invisible\" data-theme=\"light\" data-badge=\"bottomright\" data-sitekey=\"6Lf9EAgqAAAAAB7ljgwhuzhN9UcR-jWQXRH2Z5Da\" data-size=\"invisible\"><\/div> <\/div><\/div><div class=\"forminator-row\"><div id=\"checkbox-1\" class=\"forminator-field-checkbox forminator-col forminator-col-12  remember-me\"><div role=\"group\" class=\"forminator-field\" aria-labelledby=\"forminator-checkbox-group-forminator-field-checkbox-1-69df242a2fe87-label\"><label id=\"forminator-field-checkbox-1-1-69df242a2fe87-label\" for=\"forminator-field-checkbox-1-1-69df242a2fe87\" class=\"forminator-checkbox\" title=\"Prisiminti\"><input type=\"checkbox\" name=\"checkbox-1[]\" value=\"remember-me\" id=\"forminator-field-checkbox-1-1-69df242a2fe87\" aria-labelledby=\"forminator-field-checkbox-1-1-69df242a2fe87-label\" data-calculation=\"0\"  \/><span class=\"forminator-checkbox-box\" aria-hidden=\"true\"><\/span><span class=\"forminator-checkbox-label\">Prisiminti<\/span><\/label><\/div><\/div><\/div><input type=\"hidden\" name=\"referer_url\" value=\"\" \/><div class=\"forminator-row forminator-row-last\"><div class=\"forminator-col\"><div class=\"forminator-field\"><button class=\"forminator-button forminator-button-submit\"><span>Prisijungti<\/span><span aria-hidden=\"true\"><\/span><\/button><\/div><\/div><\/div><input type=\"hidden\" id=\"forminator_nonce\" name=\"forminator_nonce\" value=\"20a2c6b8d6\" \/><input type=\"hidden\" name=\"_wp_http_referer\" value=\"\/index.php?rest_route=%2Fwp%2Fv2%2Fpages%2F296\" \/><input type=\"hidden\" name=\"form_id\" value=\"336\"><input type=\"hidden\" name=\"page_id\" value=\"296\"><input type=\"hidden\" name=\"form_type\" value=\"login\"><input type=\"hidden\" name=\"current_url\" value=\"https:\/\/vcakursai.lt\/?page_id=296\"><input type=\"hidden\" name=\"render_id\" value=\"0\"><input type=\"hidden\" name=\"redirect_to\" value=\"https:\/\/vcakursai.lt\/?page_id=976\"><input type=\"hidden\" name=\"action\" value=\"forminator_submit_form_custom-forms\"><label for=\"input_3\" class=\"forminator-hidden\" aria-hidden=\"true\">Please do not fill in this field. <input id=\"input_3\" type=\"text\" name=\"input_3\" value=\"\" autocomplete=\"off\"><\/label><\/form>\n","protected":false},"excerpt":{"rendered":"","protected":false},"author":842,"featured_media":0,"parent":0,"menu_order":0,"comment_status":"closed","ping_status":"closed","template":"","meta":{"neve_meta_sidebar":"full-width","neve_meta_container":"full-width","neve_meta_enable_content_width":"on","neve_meta_content_width":40,"neve_meta_title_alignment":"center","neve_meta_author_avatar":"","neve_post_elements_order":"","neve_meta_disable_header":"on","neve_meta_disable_footer":"","neve_meta_disable_title":"","_glsr_average":0,"_glsr_ranking":0,"_glsr_reviews":0,"footnotes":""},"class_list":["post-296","page","type-page","status-publish","hentry"],"_links":{"self":[{"href":"https:\/\/vcakursai.lt\/index.php?rest_route=\/wp\/v2\/pages\/296"}],"collection":[{"href":"https:\/\/vcakursai.lt\/index.php?rest_route=\/wp\/v2\/pages"}],"about":[{"href":"https:\/\/vcakursai.lt\/index.php?rest_route=\/wp\/v2\/types\/page"}],"author":[{"embeddable":true,"href":"https:\/\/vcakursai.lt\/index.php?rest_route=\/wp\/v2\/users\/842"}],"replies":[{"embeddable":true,"href":"https:\/\/vcakursai.lt\/index.php?rest_route=%2Fwp%2Fv2%2Fcomments&post=296"}],"version-history":[{"count":16,"href":"https:\/\/vcakursai.lt\/index.php?rest_route=\/wp\/v2\/pages\/296\/revisions"}],"predecessor-version":[{"id":1852,"href":"https:\/\/vcakursai.lt\/index.php?rest_route=\/wp\/v2\/pages\/296\/revisions\/1852"}],"wp:attachment":[{"href":"https:\/\/vcakursai.lt\/index.php?rest_route=%2Fwp%2Fv2%2Fmedia&parent=296"}],"curies":[{"name":"wp","href":"https:\/\/api.w.org\/{rel}","templated":true}]}}